{"id":131,"date":"2018-12-03T11:26:13","date_gmt":"2018-12-03T11:26:13","guid":{"rendered":"http:\/\/www.yeniufuklarsigorta.com\/index.php\/home\/"},"modified":"2025-05-19T14:40:46","modified_gmt":"2025-05-19T14:40:46","slug":"anasayfa","status":"publish","type":"page","link":"http:\/\/www.yeniufuklarsigorta.com\/","title":{"rendered":"Ana Sayfa"},"content":{"rendered":"\t\t<div data-elementor-type=\"wp-post\" data-elementor-id=\"131\" class=\"elementor elementor-131\">\n\t\t\t\t\t\t<section class=\"elementor-section elementor-top-section elementor-element elementor-element-78f8bd6e elementor-section-height-min-height elementor-section-content-middle aux-appear-watch-animation aux-fade-in elementor-section-boxed elementor-section-height-default elementor-section-items-middle\" data-id=\"78f8bd6e\" data-element_type=\"section\" data-settings=\"{&quot;background_background&quot;:&quot;classic&quot;}\">\n\t\t\t\t\t\t<div class=\"elementor-container elementor-column-gap-default\">\n\t\t\t\t\t<div class=\"aux-parallax-section elementor-column elementor-col-50 elementor-top-column elementor-element elementor-element-316fea66\" data-id=\"316fea66\" data-element_type=\"column\">\n\t\t\t<div class=\"elementor-widget-wrap\">\n\t\t\t\t\t\t\t<\/div>\n\t\t<\/div>\n\t\t\t\t<div class=\"aux-parallax-section elementor-column elementor-col-50 elementor-top-column elementor-element elementor-element-1f7c01c0 aux-appear-watch-animation aux-fade-in-right-1\" data-id=\"1f7c01c0\" data-element_type=\"column\" data-settings=\"{&quot;background_background&quot;:&quot;classic&quot;}\">\n\t\t\t<div class=\"elementor-widget-wrap elementor-element-populated\">\n\t\t\t\t\t<div class=\"elementor-background-overlay\"><\/div>\n\t\t\t\t\t\t<div class=\"elementor-element elementor-element-3042c0d5 aux-appear-watch-animation aux-fade-in-up-1 elementor-widget elementor-widget-aux_modern_heading\" data-id=\"3042c0d5\" data-element_type=\"widget\" data-widget_type=\"aux_modern_heading.default\">\n\t\t\t\t<div class=\"elementor-widget-container\">\n\t\t\t\t\t<section class=\"aux-widget-modern-heading\">\n            <div class=\"aux-widget-inner\"><h2 class=\"aux-modern-heading-primary\">Kayg\u0131lar\u0131n\u0131zdan ar\u0131nman\u0131z, <b>G\u00dcVENDE <\/b>hissetmeniz ve kalman\u0131z i\u00e7in \u00e7al\u0131\u015f\u0131yoruz<\/h2><div class=\"aux-modern-heading-divider\"><\/div><div class=\"aux-modern-heading-description\"><p>Kalbinizin en derin k\u00f6\u015fesine dokunan bir ho\u015f geldinizle sizi selaml\u0131yoruz. Hayat, beklenmedik anlarla doludur ve biz, bu yolculukta g\u00fcvende hissetmeniz i\u00e7in yan\u0131n\u0131zday\u0131z. Aile bireylerinizin g\u00fcl\u00fcmsemesi, i\u015finizin ba\u015far\u0131s\u0131 ve huzurlu yar\u0131nlar\u0131n\u0131z bizim i\u00e7in de\u011ferlidir. Sizin ve sevdiklerinizin hayat\u0131n\u0131 g\u00fcvence alt\u0131na almak, beklenmedik durumlara kar\u015f\u0131 size bir kalkan olmak i\u00e7in buraday\u0131z. G\u00fcven ve huzur dolu bir gelecek i\u00e7in el ele verelim. Birlikte, her zorlu\u011fun \u00fcstesinden gelebiliriz.<\/p><\/div><\/div>\n        <\/section>\t\t\t\t<\/div>\n\t\t\t\t<\/div>\n\t\t\t\t<div class=\"elementor-element elementor-element-19a3dca1 aux-appear-watch-animation aux-fade-in-up-1 elementor-widget elementor-widget-aux_button\" data-id=\"19a3dca1\" data-element_type=\"widget\" data-widget_type=\"aux_button.default\">\n\t\t\t\t<div class=\"elementor-widget-container\">\n\t\t\t\t\t<a  href=\"http:\/\/www.yeniufuklarsigorta.com\/index.php\/hakkimizda\/\" target=\"_self\"   class=\"aux-button aux-medium aux-white aux-curve aux-none aux-uppercase\" ><span class=\"aux-overlay\"><\/span><span class=\"aux-text\">Devam\u0131<\/span><\/a>\t\t\t\t<\/div>\n\t\t\t\t<\/div>\n\t\t\t\t\t<\/div>\n\t\t<\/div>\n\t\t\t\t\t<\/div>\n\t\t<\/section>\n\t\t\t\t<section class=\"elementor-section elementor-top-section elementor-element elementor-element-00eb832 elementor-section-boxed elementor-section-height-default elementor-section-height-default\" data-id=\"00eb832\" data-element_type=\"section\">\n\t\t\t\t\t\t<div class=\"elementor-container elementor-column-gap-default\">\n\t\t\t\t\t<div class=\"aux-parallax-section elementor-column elementor-col-100 elementor-top-column elementor-element elementor-element-05af4e2\" data-id=\"05af4e2\" data-element_type=\"column\">\n\t\t\t<div class=\"elementor-widget-wrap elementor-element-populated\">\n\t\t\t\t\t\t<div class=\"elementor-element elementor-element-e3e6870 aux-appear-watch-animation aux-fade-in-up elementor-widget elementor-widget-aux_modern_heading\" data-id=\"e3e6870\" data-element_type=\"widget\" data-widget_type=\"aux_modern_heading.default\">\n\t\t\t\t<div class=\"elementor-widget-container\">\n\t\t\t\t\t<section class=\"aux-widget-modern-heading\">\n            <div class=\"aux-widget-inner\"><h2 class=\"aux-modern-heading-primary\">En <b>\u0130Y\u0130<\/b> \u00f6zelli\u011fimiz<\/h2><div class=\"aux-modern-heading-divider\"><\/div><div class=\"aux-modern-heading-description\"><p>Hayat, beklenmedik anlarla dolu bir yolculuk. Bu yolculukta kar\u015f\u0131la\u015fabilece\u011fimiz zorluklara kar\u015f\u0131 kendimizi ve sevdiklerimizi korumak, hepimizin \u00f6nceli\u011fi. Ancak, do\u011fru korunma y\u00f6ntemlerini se\u00e7mek, bir labirenti and\u0131ran sigorta d\u00fcnyas\u0131nda kolay de\u011fil. \u0130\u015fte bu noktada, sigorta acentas\u0131 olarak en temel ilkemiz; siz de\u011ferli m\u00fc\u015fterilerimizi do\u011fru bilgilendirerek, bilin\u00e7li ve ihtiyac\u0131n\u0131za en uygun poli\u00e7eleri se\u00e7meniz i\u00e7in rehberlik etmek.<\/p><p>Biliyoruz ki, her birinizin ihtiyac\u0131 farkl\u0131. Kimi i\u00e7in bir evin g\u00fcvenli\u011fi \u00f6n plandayken, kimi i\u00e7in sa\u011fl\u0131k veya seyahat sigortas\u0131 hayati \u00f6nem ta\u015f\u0131yor. Teminat se\u00e7eneklerinin ve sigorta kavramlar\u0131n\u0131n karma\u015fas\u0131 i\u00e7inde, en do\u011fru se\u00e7imi yapmak ise sand\u0131\u011f\u0131n\u0131zdan daha karma\u015f\u0131k olabilir. Bizler, bu karma\u015f\u0131kl\u0131\u011f\u0131 sizin i\u00e7in sadele\u015ftiriyor, en uygun sigorta poli\u00e7esini se\u00e7menizde yan\u0131n\u0131zda yer al\u0131yoruz.<\/p><\/div><\/div>\n        <\/section>\t\t\t\t<\/div>\n\t\t\t\t<\/div>\n\t\t\t\t<section class=\"elementor-section elementor-inner-section elementor-element elementor-element-3b684e5 elementor-section-boxed elementor-section-height-default elementor-section-height-default\" data-id=\"3b684e5\" data-element_type=\"section\">\n\t\t\t\t\t\t<div class=\"elementor-container elementor-column-gap-default\">\n\t\t\t\t\t<div class=\"aux-parallax-section elementor-column elementor-col-33 elementor-inner-column elementor-element elementor-element-41d73f6\" data-id=\"41d73f6\" data-element_type=\"column\">\n\t\t\t<div class=\"elementor-widget-wrap elementor-element-populated\">\n\t\t\t\t\t\t<div class=\"elementor-element elementor-element-28febc0 aux-appear-watch-animation aux-scale-down-1 elementor-widget elementor-widget-aux_text\" data-id=\"28febc0\" data-element_type=\"widget\" data-widget_type=\"aux_text.default\">\n\t\t\t\t<div class=\"elementor-widget-container\">\n\t\t\t\t\t<section class=\"widget-container aux-widget-text aux-parent-au7275f92e\">        <div class=\"aux-widget-advanced-text aux-wrap-style-simple aux-ico-pos-top aux-text-center aux-text-resp- aux-text-color-dark aux-text-widget-bg-center  \" >\n        \n                            <div class=\"aux-text-widget-header \"  >\n                        <div class=\"aux-ico-box aux-ico-large aux-img-box aux-ico-shape-default aux-ico-clear \">\n                                                                <img fetchpriority=\"high\" decoding=\"async\" width=\"241\" height=\"256\" src=\"http:\/\/www.yeniufuklarsigorta.com\/wp-content\/uploads\/2024\/04\/HARFLER-KONUT.png\" class=\"aux-attachment aux-featured-image aux-attachment-id-172\" alt=\"HARFLER-KONUT\" data-ratio=\"0.94\" data-original-w=\"241\" \/>                                                    <\/div>\n                <\/div>\n            \n            <div class=\"aux-text-inner aux-text-widget-content\">\n                                <h4 class=\"col-title\"><b>KONUT\/\u0130\u015eYER\u0130 <\/b>Sigortas\u0131<\/h4>\n                                <div class=\"widget-content\">\n                                        <p>Ev ve i\u015f yerinizde olu\u015fabilecek t\u00fcm riskler i\u00e7in kapsaml\u0131 koruma sa\u011flayarak,<\/p><p>beklenmedik risklere kar\u015f\u0131 \u00fcst\u00fcn \u00e7\u00f6z\u00fcmler sunar\u0131z<\/p>                <\/div>\n                            <\/div>\n        <\/div>\n                    <div class=\"aux-text-widget-footer\">\n                <div class=\"aux-border-shape-none \">\n                                <\/div>\n            <\/div>\n        \n<\/section><!-- widget-container -->\t\t\t\t<\/div>\n\t\t\t\t<\/div>\n\t\t\t\t\t<\/div>\n\t\t<\/div>\n\t\t\t\t<div class=\"aux-parallax-section elementor-column elementor-col-33 elementor-inner-column elementor-element elementor-element-3c3cb69\" data-id=\"3c3cb69\" data-element_type=\"column\">\n\t\t\t<div class=\"elementor-widget-wrap elementor-element-populated\">\n\t\t\t\t\t\t<div class=\"elementor-element elementor-element-5c1d85e aux-appear-watch-animation aux-scale-down-1 elementor-widget elementor-widget-aux_text\" data-id=\"5c1d85e\" data-element_type=\"widget\" data-widget_type=\"aux_text.default\">\n\t\t\t\t<div class=\"elementor-widget-container\">\n\t\t\t\t\t<section class=\"widget-container aux-widget-text aux-parent-au4cca7974\">        <div class=\"aux-widget-advanced-text aux-wrap-style-simple aux-ico-pos-top aux-text-center aux-text-resp- aux-text-color-dark aux-text-widget-bg-center  \" >\n        \n                            <div class=\"aux-text-widget-header \"  >\n                        <div class=\"aux-ico-box aux-ico-large aux-img-box aux-ico-shape-default aux-ico-clear \">\n                                                                <img decoding=\"async\" width=\"241\" height=\"256\" src=\"http:\/\/www.yeniufuklarsigorta.com\/wp-content\/uploads\/2024\/04\/HARFLER-SAGLIK.png\" class=\"aux-attachment aux-featured-image aux-attachment-id-173\" alt=\"HARFLER-SAGLIK\" data-ratio=\"0.94\" data-original-w=\"241\" \/>                                                    <\/div>\n                <\/div>\n            \n            <div class=\"aux-text-inner aux-text-widget-content\">\n                                <h4 class=\"col-title\"><b>SA\u011eLIK <\/b>Sigortas\u0131<\/h4>\n                                <div class=\"widget-content\">\n                                        <p>Sa\u011fl\u0131\u011f\u0131n\u0131z\u0131 koruma alt\u0131na al\u0131rken, sekt\u00f6rdeki lider uzmanl\u0131\u011f\u0131m\u0131zla size \u00f6zel,<\/p><p>tamamen ki\u015fisel ihtiya\u00e7lar\u0131n\u0131za y\u00f6nelik kapsaml\u0131 sa\u011fl\u0131k sigorta \u00e7\u00f6z\u00fcmleri sunuyoruz<\/p>                <\/div>\n                            <\/div>\n        <\/div>\n                    <div class=\"aux-text-widget-footer\">\n                <div class=\"aux-border-shape-none \">\n                                <\/div>\n            <\/div>\n        \n<\/section><!-- widget-container -->\t\t\t\t<\/div>\n\t\t\t\t<\/div>\n\t\t\t\t\t<\/div>\n\t\t<\/div>\n\t\t\t\t<div class=\"aux-parallax-section elementor-column elementor-col-33 elementor-inner-column elementor-element elementor-element-32bf5b9\" data-id=\"32bf5b9\" data-element_type=\"column\">\n\t\t\t<div class=\"elementor-widget-wrap elementor-element-populated\">\n\t\t\t\t\t\t<div class=\"elementor-element elementor-element-cda0a78 aux-appear-watch-animation aux-scale-down-1 elementor-widget elementor-widget-aux_text\" data-id=\"cda0a78\" data-element_type=\"widget\" data-widget_type=\"aux_text.default\">\n\t\t\t\t<div class=\"elementor-widget-container\">\n\t\t\t\t\t<section class=\"widget-container aux-widget-text aux-parent-au380f5c5f\">        <div class=\"aux-widget-advanced-text aux-wrap-style-simple aux-ico-pos-top aux-text-center aux-text-resp- aux-text-color-dark aux-text-widget-bg-center  \" >\n        \n                            <div class=\"aux-text-widget-header \"  >\n                        <div class=\"aux-ico-box aux-ico-large aux-img-box aux-ico-shape-default aux-ico-clear \">\n                                                                <img decoding=\"async\" width=\"241\" height=\"256\" src=\"http:\/\/www.yeniufuklarsigorta.com\/wp-content\/uploads\/2024\/04\/HARFLER-KASKO.png\" class=\"aux-attachment aux-featured-image aux-attachment-id-174\" alt=\"HARFLER-KASKO\" srcset=\"http:\/\/www.yeniufuklarsigorta.com\/wp-content\/uploads\/2024\/04\/HARFLER-KASKO-150x150.png 150w,http:\/\/www.yeniufuklarsigorta.com\/wp-content\/uploads\/2024\/04\/HARFLER-KASKO.png 241w\" data-ratio=\"1\" data-original-w=\"241\" \/>                                                    <\/div>\n                <\/div>\n            \n            <div class=\"aux-text-inner aux-text-widget-content\">\n                                <h4 class=\"col-title\"><b>KASKO\/TRAF\u0130K <\/b>Sigortas\u0131<\/h4>\n                                <div class=\"widget-content\">\n                                        <p>Arac\u0131n\u0131z\u0131 ve i\u00e7indekileri en uygun<\/p><p>teminat ko\u015fullar\u0131 ile g\u00fcvence alt\u0131na al\u0131yoruz.<\/p>                <\/div>\n                            <\/div>\n        <\/div>\n                    <div class=\"aux-text-widget-footer\">\n                <div class=\"aux-border-shape-none \">\n                                <\/div>\n            <\/div>\n        \n<\/section><!-- widget-container -->\t\t\t\t<\/div>\n\t\t\t\t<\/div>\n\t\t\t\t\t<\/div>\n\t\t<\/div>\n\t\t\t\t\t<\/div>\n\t\t<\/section>\n\t\t\t\t\t<\/div>\n\t\t<\/div>\n\t\t\t\t\t<\/div>\n\t\t<\/section>\n\t\t\t\t<section class=\"elementor-section elementor-top-section elementor-element elementor-element-1aeea7f2 elementor-section-boxed elementor-section-height-default elementor-section-height-default\" data-id=\"1aeea7f2\" data-element_type=\"section\">\n\t\t\t\t\t\t<div class=\"elementor-container elementor-column-gap-default\">\n\t\t\t\t\t<div class=\"aux-parallax-section elementor-column elementor-col-100 elementor-top-column elementor-element elementor-element-1680b302\" data-id=\"1680b302\" data-element_type=\"column\">\n\t\t\t<div class=\"elementor-widget-wrap elementor-element-populated\">\n\t\t\t\t\t\t<div class=\"elementor-element elementor-element-66536615 aux-appear-watch-animation aux-fade-in-up elementor-widget elementor-widget-aux_modern_heading\" data-id=\"66536615\" data-element_type=\"widget\" data-widget_type=\"aux_modern_heading.default\">\n\t\t\t\t<div class=\"elementor-widget-container\">\n\t\t\t\t\t<section class=\"aux-widget-modern-heading\">\n            <div class=\"aux-widget-inner\"><h2 class=\"aux-modern-heading-primary\">T\u00fcm Sigortac\u0131l\u0131k <b>H\u0130ZMETLER\u0130M\u0130Z<\/b><\/h2><div class=\"aux-modern-heading-divider\"><\/div><div class=\"aux-modern-heading-description\"><p>Hizmet verdi\u011fimiz t\u00fcm alanlara ve sigortac\u0131l\u0131k \u00fcr\u00fcnlerine (Dask, Bireysel Emeklilik, Hayat, Nakliyat, Sorumluluk\u00a0 vb.) ula\u015fmak i\u00e7in l\u00fctfen <a href=\"http:\/\/www.yeniufuklarsigorta.com\/index.php\/hizmetler\/\"><strong>t\u0131klay\u0131n\u0131z.<\/strong><\/a><\/p><\/div><\/div>\n        <\/section>\t\t\t\t<\/div>\n\t\t\t\t<\/div>\n\t\t\t\t\t<\/div>\n\t\t<\/div>\n\t\t\t\t\t<\/div>\n\t\t<\/section>\n\t\t\t\t<section class=\"elementor-section elementor-top-section elementor-element elementor-element-5cfce781 elementor-section-content-middle elementor-reverse-tablet elementor-reverse-mobile elementor-section-boxed elementor-section-height-default elementor-section-height-default\" data-id=\"5cfce781\" data-element_type=\"section\">\n\t\t\t\t\t\t<div class=\"elementor-container elementor-column-gap-no\">\n\t\t\t\t\t<div class=\"aux-parallax-section elementor-column elementor-col-50 elementor-top-column elementor-element elementor-element-26f33eea\" data-id=\"26f33eea\" data-element_type=\"column\">\n\t\t\t<div class=\"elementor-widget-wrap elementor-element-populated\">\n\t\t\t\t\t\t<div class=\"elementor-element elementor-element-4eb9163e aux-appear-watch-animation aux-fade-in-up elementor-widget elementor-widget-aux_modern_heading\" data-id=\"4eb9163e\" data-element_type=\"widget\" data-widget_type=\"aux_modern_heading.default\">\n\t\t\t\t<div class=\"elementor-widget-container\">\n\t\t\t\t\t<section class=\"aux-widget-modern-heading\">\n            <div class=\"aux-widget-inner\"><h2 class=\"aux-modern-heading-primary\">Neden biz?<\/h2><h3 class=\"aux-modern-heading-secondary\"><span class=\"aux-head-before\">2010 Y\u0131l\u0131ndan G\u00fcn\u00fcm\u00fcze Kimseyi \u00dczmedik : )<\/span><\/h3><div class=\"aux-modern-heading-divider\"><\/div><div class=\"aux-modern-heading-description\"><p>Profesyonellik ve derin sekt\u00f6r bilgisiyle \u00f6ne \u00e7\u0131kan sigorta acentam\u0131z, h\u0131zl\u0131 ve ki\u015fiselle\u015ftirilmi\u015f m\u00fc\u015fteri hizmetleri sunarak her m\u00fc\u015fterimizin g\u00fcvende hissetmesini sa\u011flar. \u015eeffafl\u0131k, adil fiyatland\u0131rma ve taleplerin h\u0131zl\u0131 i\u015flenmesi ilkelerimizle, sigorta ihtiya\u00e7lar\u0131n\u0131z i\u00e7in g\u00fcvenilir ve itibarl\u0131 \u00e7\u00f6z\u00fcm orta\u011f\u0131n\u0131z olmay\u0131 taahh\u00fct ederiz.<\/p><\/div><\/div>\n        <\/section>\t\t\t\t<\/div>\n\t\t\t\t<\/div>\n\t\t\t\t<section class=\"elementor-section elementor-inner-section elementor-element elementor-element-7365b8dc elementor-section-boxed elementor-section-height-default elementor-section-height-default\" data-id=\"7365b8dc\" data-element_type=\"section\">\n\t\t\t\t\t\t<div class=\"elementor-container elementor-column-gap-default\">\n\t\t\t\t\t<div class=\"aux-parallax-section elementor-column elementor-col-33 elementor-inner-column elementor-element elementor-element-593b2712 aux-appear-watch-animation aux-fade-in-left\" data-id=\"593b2712\" data-element_type=\"column\">\n\t\t\t<div class=\"elementor-widget-wrap elementor-element-populated\">\n\t\t\t\t\t\t<div class=\"elementor-element elementor-element-77e08a9 elementor-widget elementor-widget-aux_simple_svg\" data-id=\"77e08a9\" data-element_type=\"widget\" data-widget_type=\"aux_simple_svg.default\">\n\t\t\t\t<div class=\"elementor-widget-container\">\n\t\t\t\t\t    <div class=\"aux-widget-container aux-simple-svg-container\">\n        <div class=\"aux-widget-container-inner\">\n            <div class=\"aux-the-svg\"><img decoding=\"async\" src=\"http:\/\/www.yeniufuklarsigorta.com\/wp-content\/uploads\/2024\/04\/search-optimize-RED.png\" title=\"search-optimize-RED.png\" alt=\"search-optimize-RED.png\" loading=\"lazy\" \/><\/div>\n        <\/div>\n    <\/div>\n    \t\t\t\t<\/div>\n\t\t\t\t<\/div>\n\t\t\t\t<div class=\"elementor-element elementor-element-38479c83 elementor-widget elementor-widget-aux_modern_heading\" data-id=\"38479c83\" data-element_type=\"widget\" data-widget_type=\"aux_modern_heading.default\">\n\t\t\t\t<div class=\"elementor-widget-container\">\n\t\t\t\t\t<section class=\"aux-widget-modern-heading\">\n            <div class=\"aux-widget-inner\"><h2 class=\"aux-modern-heading-primary\"><b>HIZLI<\/b> <br>\nGeri D\u00f6n\u00fc\u015f<\/h2><div class=\"aux-modern-heading-description\"><p>Her talepe en k\u0131sa s\u00fcrede cevap veririz.<\/p><\/div><\/div>\n        <\/section>\t\t\t\t<\/div>\n\t\t\t\t<\/div>\n\t\t\t\t\t<\/div>\n\t\t<\/div>\n\t\t\t\t<div class=\"aux-parallax-section elementor-column elementor-col-33 elementor-inner-column elementor-element elementor-element-5a204dc8 aux-appear-watch-animation aux-fade-in-left\" data-id=\"5a204dc8\" data-element_type=\"column\">\n\t\t\t<div class=\"elementor-widget-wrap elementor-element-populated\">\n\t\t\t\t\t\t<div class=\"elementor-element elementor-element-3746f9de elementor-widget elementor-widget-aux_simple_svg\" data-id=\"3746f9de\" data-element_type=\"widget\" data-widget_type=\"aux_simple_svg.default\">\n\t\t\t\t<div class=\"elementor-widget-container\">\n\t\t\t\t\t    <div class=\"aux-widget-container aux-simple-svg-container\">\n        <div class=\"aux-widget-container-inner\">\n            <div class=\"aux-the-svg\"><img decoding=\"async\" src=\"http:\/\/www.yeniufuklarsigorta.com\/wp-content\/uploads\/2024\/04\/web-project-RED.png\" title=\"web-project-RED.png\" alt=\"web-project-RED.png\" loading=\"lazy\" \/><\/div>\n        <\/div>\n    <\/div>\n    \t\t\t\t<\/div>\n\t\t\t\t<\/div>\n\t\t\t\t<div class=\"elementor-element elementor-element-d5499a3 elementor-widget elementor-widget-aux_modern_heading\" data-id=\"d5499a3\" data-element_type=\"widget\" data-widget_type=\"aux_modern_heading.default\">\n\t\t\t\t<div class=\"elementor-widget-container\">\n\t\t\t\t\t<section class=\"aux-widget-modern-heading\">\n            <div class=\"aux-widget-inner\"><h2 class=\"aux-modern-heading-primary\"><b>\u0130HT\u0130YA\u00c7<\/b> <BR>Odakl\u0131 \u00c7\u00f6z\u00fcmler<\/h2><div class=\"aux-modern-heading-description\"><p>T\u00fcm se\u00e7enekleri analiz ederek en uygununu tespit ederiz.<\/p><\/div><\/div>\n        <\/section>\t\t\t\t<\/div>\n\t\t\t\t<\/div>\n\t\t\t\t\t<\/div>\n\t\t<\/div>\n\t\t\t\t<div class=\"aux-parallax-section elementor-column elementor-col-33 elementor-inner-column elementor-element elementor-element-3417023a aux-appear-watch-animation aux-fade-in-left\" data-id=\"3417023a\" data-element_type=\"column\">\n\t\t\t<div class=\"elementor-widget-wrap elementor-element-populated\">\n\t\t\t\t\t\t<div class=\"elementor-element elementor-element-54dc2510 elementor-widget elementor-widget-aux_simple_svg\" data-id=\"54dc2510\" data-element_type=\"widget\" data-widget_type=\"aux_simple_svg.default\">\n\t\t\t\t<div class=\"elementor-widget-container\">\n\t\t\t\t\t    <div class=\"aux-widget-container aux-simple-svg-container\">\n        <div class=\"aux-widget-container-inner\">\n            <div class=\"aux-the-svg\"><img decoding=\"async\" src=\"http:\/\/www.yeniufuklarsigorta.com\/wp-content\/uploads\/2024\/04\/support-RED.png\" title=\"support-RED.png\" alt=\"support-RED.png\" loading=\"lazy\" \/><\/div>\n        <\/div>\n    <\/div>\n    \t\t\t\t<\/div>\n\t\t\t\t<\/div>\n\t\t\t\t<div class=\"elementor-element elementor-element-3e4a93a4 elementor-widget elementor-widget-aux_modern_heading\" data-id=\"3e4a93a4\" data-element_type=\"widget\" data-widget_type=\"aux_modern_heading.default\">\n\t\t\t\t<div class=\"elementor-widget-container\">\n\t\t\t\t\t<section class=\"aux-widget-modern-heading\">\n            <div class=\"aux-widget-inner\"><h2 class=\"aux-modern-heading-primary\"><b>ULA\u015eILAB\u0130L\u0130R <\/b><BR>\u0130leti\u015fim<\/h2><div class=\"aux-modern-heading-description\"><p>Telefonumuz her zaman a\u00e7\u0131kt\u0131r.<\/p><\/div><\/div>\n        <\/section>\t\t\t\t<\/div>\n\t\t\t\t<\/div>\n\t\t\t\t\t<\/div>\n\t\t<\/div>\n\t\t\t\t\t<\/div>\n\t\t<\/section>\n\t\t\t\t\t<\/div>\n\t\t<\/div>\n\t\t\t\t<div class=\"aux-parallax-section elementor-column elementor-col-50 elementor-top-column elementor-element elementor-element-1e5eca0 aux-appear-watch-animation aux-scale-down\" data-id=\"1e5eca0\" data-element_type=\"column\">\n\t\t\t<div class=\"elementor-widget-wrap elementor-element-populated\">\n\t\t\t\t\t\t<div class=\"elementor-element elementor-element-568b20a7 elementor-widget elementor-widget-aux_video\" data-id=\"568b20a7\" data-element_type=\"widget\" data-widget_type=\"aux_video.default\">\n\t\t\t\t<div class=\"elementor-widget-container\">\n\t\t\t\t\t<section class=\"widget-container aux-widget-video aux-parent-au7da560e9\"><div style=\"width: 780px;\" class=\"wp-video\"><!--[if lt IE 9]><script>document.createElement('video');<\/script><![endif]-->\n<video class=\"wp-video-shortcode aux-player-dark aux-provider-vimeo\" id=\"video-131-1\" width=\"780\" height=\"715\" poster=\"http:\/\/www.yeniufuklarsigorta.com\/wp-content\/uploads\/2024\/04\/OFFICE-PRIZE.jpg\" loop=\"1\" preload=\"metadata\" controls=\"controls\"><source type=\"video\/vimeo\" src=\"https:\/\/vimeo.com\/152149781?loop=1&#038;_=1\" \/><a href=\"https:\/\/vimeo.com\/152149781?loop=1\">https:\/\/vimeo.com\/152149781?loop=1<\/a><\/video><\/div><\/section><!-- widget-container -->\t\t\t\t<\/div>\n\t\t\t\t<\/div>\n\t\t\t\t\t<\/div>\n\t\t<\/div>\n\t\t\t\t\t<\/div>\n\t\t<\/section>\n\t\t\t\t<section class=\"elementor-section elementor-top-section elementor-element elementor-element-abf9eba elementor-section-boxed elementor-section-height-default elementor-section-height-default\" data-id=\"abf9eba\" data-element_type=\"section\">\n\t\t\t\t\t\t<div class=\"elementor-container elementor-column-gap-default\">\n\t\t\t\t\t<div class=\"aux-parallax-section elementor-column elementor-col-100 elementor-top-column elementor-element elementor-element-fc072ea\" data-id=\"fc072ea\" data-element_type=\"column\">\n\t\t\t<div class=\"elementor-widget-wrap elementor-element-populated\">\n\t\t\t\t\t\t<div class=\"elementor-element elementor-element-722b176 elementor-widget-divider--view-line elementor-widget elementor-widget-divider\" data-id=\"722b176\" data-element_type=\"widget\" data-widget_type=\"divider.default\">\n\t\t\t\t<div class=\"elementor-widget-container\">\n\t\t\t\t\t\t\t<div class=\"elementor-divider\">\n\t\t\t<span class=\"elementor-divider-separator\">\n\t\t\t\t\t\t<\/span>\n\t\t<\/div>\n\t\t\t\t\t\t<\/div>\n\t\t\t\t<\/div>\n\t\t\t\t\t<\/div>\n\t\t<\/div>\n\t\t\t\t\t<\/div>\n\t\t<\/section>\n\t\t\t\t<\/div>\n\t\t","protected":false},"excerpt":{"rendered":"<p>Kayg\u0131lar\u0131n\u0131zdan ar\u0131nman\u0131z, G\u00dcVENDE hissetmeniz ve kalman\u0131z i\u00e7in \u00e7al\u0131\u015f\u0131yoruz Kalbinizin en derin k\u00f6\u015fesine dokunan bir ho\u015f geldinizle sizi selaml\u0131yoruz. Hayat, beklenmedik anlarla doludur ve biz, bu yolculukta g\u00fcvende hissetmeniz i\u00e7in yan\u0131n\u0131zday\u0131z. Aile bireylerinizin g\u00fcl\u00fcmsemesi, i\u015finizin ba\u015far\u0131s\u0131 ve huzurlu yar\u0131nlar\u0131n\u0131z bizim i\u00e7in de\u011ferlidir. Sizin ve sevdiklerinizin hayat\u0131n\u0131 g\u00fcvence alt\u0131na almak, beklenmedik durumlara kar\u015f\u0131 size bir kalkan olmak [&hellip;]<\/p>\n","protected":false},"author":1,"featured_media":0,"parent":0,"menu_order":0,"comment_status":"closed","ping_status":"closed","template":"","meta":{"footnotes":""},"_links":{"self":[{"href":"http:\/\/www.yeniufuklarsigorta.com\/index.php\/wp-json\/wp\/v2\/pages\/131"}],"collection":[{"href":"http:\/\/www.yeniufuklarsigorta.com\/index.php\/wp-json\/wp\/v2\/pages"}],"about":[{"href":"http:\/\/www.yeniufuklarsigorta.com\/index.php\/wp-json\/wp\/v2\/types\/page"}],"author":[{"embeddable":true,"href":"http:\/\/www.yeniufuklarsigorta.com\/index.php\/wp-json\/wp\/v2\/users\/1"}],"replies":[{"embeddable":true,"href":"http:\/\/www.yeniufuklarsigorta.com\/index.php\/wp-json\/wp\/v2\/comments?post=131"}],"version-history":[{"count":43,"href":"http:\/\/www.yeniufuklarsigorta.com\/index.php\/wp-json\/wp\/v2\/pages\/131\/revisions"}],"predecessor-version":[{"id":390,"href":"http:\/\/www.yeniufuklarsigorta.com\/index.php\/wp-json\/wp\/v2\/pages\/131\/revisions\/390"}],"wp:attachment":[{"href":"http:\/\/www.yeniufuklarsigorta.com\/index.php\/wp-json\/wp\/v2\/media?parent=131"}],"curies":[{"name":"wp","href":"https:\/\/api.w.org\/{rel}","templated":true}]}}